{"id":553,"date":"2026-04-09T10:48:45","date_gmt":"2026-04-09T08:48:45","guid":{"rendered":"https:\/\/paulusfolkertsma.nl\/frl\/?page_id=553"},"modified":"2026-04-09T10:48:45","modified_gmt":"2026-04-09T08:48:45","slug":"privacybeleid","status":"publish","type":"page","link":"https:\/\/paulusfolkertsma.nl\/frl\/privacybeleid\/","title":{"rendered":"Privacybeleid"},"content":{"rendered":"\n<h2 class=\"wp-block-heading\">Wa binne wy<\/h2>\n\n\n\n<p>De Paulus Folkertsma Stichting, f\u00eastige oan Weaze 30, 8495 HE Aldeboarn, is ferantwurdlik foar de ferwurking fan persoanlike gegevens lykas beskreaun yn dizze privacyferklearring.<\/p>\n\n\n\n<p>Kontaktgegevens:<\/p>\n\n\n\n<p>Paulus Folkertsma Stichting<\/p>\n\n\n\n<p>Weaze 30<br>8495 HE Aldeboarn<\/p>\n\n\n\n<p>tel +31582662633<\/p>\n\n\n\n<p>J. Folkertsma is de Functionaris Gegevensbeskerming fan de Paulus Folkertsma Stichting. Hy is te berikken fia info@paulusfolkertsma.nl.<\/p>\n\n\n\n<h2 class=\"wp-block-heading\">Persoansgegevens dy&#8217;t wy ferwurkje<\/h2>\n\n\n\n<p>De Paulus Folkertsma Stichting ferwurket jo persoanlike gegevens om&#8217;t jo gebr\u00fbk meitsje fan \u00fas tsjinsten en\/of om&#8217;t jo dizze gegevens sels oan \u00fas leverje. Hjir\u00fbnder fine jo in oersjoch fan &#8216;e persoanlike gegevens dy&#8217;t wy ferwurkje:<\/p>\n\n\n\n<p>\u2013 Foar- en efternamme<\/p>\n\n\n\n<p>\u2013 Geslacht<\/p>\n\n\n\n<p>\u2013 Adresgegevens<\/p>\n\n\n\n<p>\u2013 Telefoann\u00fbmer<\/p>\n\n\n\n<p>\u2013 E-mailadres<\/p>\n\n\n\n<h2 class=\"wp-block-heading\">Bys\u00fbndere en\/of gefoelige persoanlike gegevens dy&#8217;t wy ferwurkje<\/h2>\n\n\n\n<p>Us webside en\/of tsjinst is net bedoeld om gegevens te sammeljen fan websidebesikers \u00fbnder de 16 jier. Behalven as se tastimming hawwe fan har \u00e2lden of fersoarger. Wy kinne lykwols net kontrolearje oft in besiker \u00e2lder is as 16. D\u00earom advisearje wy \u00e2lden om belutsen te w\u00eazen by de online aktiviteiten fan har bern om te foarkommen dat gegevens oer bern s\u00fbnder \u00e2lderlike tastimming sammele wurde. As jo \u200b\u200btinke dat wy s\u00fbnder dy tastimming persoanlike gegevens fan in minderjierrige sammele hawwe, nim dan kontakt mei \u00fas op fia info@paulusfolkertsma.nl en wy sille dy gegevens wiskje.<\/p>\n\n\n\n<h2 class=\"wp-block-heading\">Foar hokker doel en op hokker basis ferwurkje wy persoanlike gegevens? <\/h2>\n\n\n\n<p>De Paulus Folkertsma Stichting ferwurket jo persoanlike gegevens foar de folgjende doelen:<\/p>\n\n\n\n<p>\u2013 It \u00f4fhanneljen fan jo betelling<\/p>\n\n\n\n<p>\u2013 It ferstjoeren fan \u00fas nijsbrief en\/of promoasjebrosjuere<\/p>\n\n\n\n<p>\u2013 Om jo te kinnen skilje of e-maile as dit nedich is om \u00fas tsjinsten te leverjen.<\/p>\n\n\n\n<p>\u2013 It leverjen fan guod en tsjinsten oan jo.<\/p>\n\n\n\n<h2 class=\"wp-block-heading\">Automatisearre besl\u00fatfoarming<\/h2>\n\n\n\n<p>De Paulus Folkertsma Stichting nimt gjin besluten op basis fan automatisearre ferwurking oangeande saken dy&#8217;t (signifikante) gefolgen hawwe kinne foar persoanen. Dit binne besluten dy&#8217;t nommen wurde troch kompj\u00fbterprogramma&#8217;s of systemen s\u00fbnder tuskenkomst fan in persoan (bygelyks in meiwurker fan &#8216;e Paulus Folkertsma Stichting).<\/p>\n\n\n\n<h2 class=\"wp-block-heading\">Hoe lang wy persoanlike gegevens bewarje<\/h2>\n\n\n\n<p>De Paulus Folkertsma Stichting bewarret jo persoanlike gegevens net langer as strikt needsaaklik is foar de doelen w\u00earfoar jo gegevens sammele binne. Wy tapasse de folgjende bewaringsperioaden foar persoanlike gegevens:<\/p>\n\n\n\n<p>Persoansgegevens fan donateurs: salang&#8217;t men in donateur is. <\/p>\n\n\n\n<p>Persoansgegevens fan persoanen dy&#8217;t bestellingen pleatse\/oankeapen dogge fia de webside\/bankoerdracht: salang&#8217;t de wettelike bewaringsperioade foar administraasje (boekh\u00e2lding) jildt.<\/p>\n\n\n\n<h2 class=\"wp-block-heading\">Diele persoanlike gegevens mei tredden<\/h2>\n\n\n\n<p>De Paulus Folkertsma Stichting leveret of ferkeapet jo gegevens net oan tredden. Wy hawwe in gegevensferwurkingsoerienkomst sletten mei bedriuwen dy&#8217;t jo gegevens namens \u00fas ferwurkje om itselde nivo fan feiligens en fertroulikens fan jo gegevens te garandearjen. De Paulus Folkertsma Stichting bliuwt ferantwurdlik foar dizze ferwurkingsaktiviteiten.<\/p>\n\n\n\n<h2 class=\"wp-block-heading\">Cookies of ferlykbere techniken dy&#8217;t wy br\u00fbke<\/h2>\n\n\n\n<p>De Paulus Folkertsma Stichting br\u00fbkt gjin cookies of ferlykbere techniken.<\/p>\n\n\n\n<h2 class=\"wp-block-heading\">Gegevens besjen, oanpasse of wiskje<\/h2>\n\n\n\n<p>Jo hawwe it rjocht om jo persoanlike gegevens yn te sjen, te korrigearjen of te wiskjen. Derneist hawwe jo it rjocht om elke tastimming dy&#8217;t jo j\u00fbn hawwe foar gegevensferwurking yn te l\u00fbken of beswier te meitsjen tsjin de ferwurking fan jo persoanlike gegevens troch de Paulus Folkertsma Stichting, en jo hawwe it rjocht op gegevensportabiliteit. Dit betsjut dat jo \u00fas freegje kinne om de persoanlike gegevens dy&#8217;t wy oer jo hawwe yn in kompj\u00fbterbest\u00e2n nei jo of nei in oare troch jo neamde organisaasje te stjoeren. Jo kinne in fersyk stjoere foar tagong, korreksje, wiskjen of gegevensportabiliteit fan jo persoanlike gegevens, of foar it ynl\u00fbken fan jo tastimming of beswier tsjin de ferwurking fan jo persoanlike gegevens, nei info@paulusfolkertsma.nl. Om der wis fan te w\u00eazen dat it fersyk om tagong troch jo dien is, freegje wy jo om in kopy fan jo identiteitsbewiis by te foegjen. Meitsje op dizze kopy jo paspoartfoto, de MRZ (masine-l\u00easbere s\u00f4ne, de strip mei n\u00fbmers \u00fbnderoan it paspoart), jo paspoartn\u00fbmer en jo boargerservicen\u00fbmer (BSN) swart. Dit is om jo privacy te beskermjen. Wy sille sa gau mooglik, mar \u00faterlik binnen fjouwer wiken, op jo fersyk reagearje. De Paulus Folkertsma Stichting wol jo der ek op wize dat jo de mooglikheid hawwe om in klacht yn te tsjinjen by de nasjonale tafersjochh\u00e2lder, de Nederl\u00e2nske Autoriteit Beskerming Persoonsgegevens. Jo kinne dit dwaan fia de folgjende link: https:\/\/autoriteitpersoonsgegevens.nl\/nl\/contact-met-de-autoriteit-persoonsgegevens\/tip-ons.<\/p>\n\n\n\n<h2 class=\"wp-block-heading\">Hoe&#8217;t wy persoanlike gegevens beskermje<\/h2>\n\n\n\n<p>De Paulus Folkertsma Stichting nimt de beskerming fan jo gegevens serieus en nimt passende maatregels om misbr\u00fbk, ferlies, unautorisearre tagong, net winske iepenbiering en unautorisearre wiziging te foarkommen.<\/p>\n","protected":false},"excerpt":{"rendered":"<p>Wa binne wy De Paulus Folkertsma Stichting, f\u00eastige oan Weaze 30, 8495 HE Aldeboarn, is ferantwurdlik foar de ferwurking fan persoanlike gegevens lykas beskreaun yn dizze privacyferklearring. Kontaktgegevens: Paulus Folkertsma\u2026<\/p>\n","protected":false},"author":1,"featured_media":0,"parent":0,"menu_order":0,"comment_status":"closed","ping_status":"closed","template":"","meta":{"footnotes":""},"class_list":["post-553","page","type-page","status-publish","hentry"],"_links":{"self":[{"href":"https:\/\/paulusfolkertsma.nl\/frl\/wp-json\/wp\/v2\/pages\/553","targetHints":{"allow":["GET"]}}],"collection":[{"href":"https:\/\/paulusfolkertsma.nl\/frl\/wp-json\/wp\/v2\/pages"}],"about":[{"href":"https:\/\/paulusfolkertsma.nl\/frl\/wp-json\/wp\/v2\/types\/page"}],"author":[{"embeddable":true,"href":"https:\/\/paulusfolkertsma.nl\/frl\/wp-json\/wp\/v2\/users\/1"}],"replies":[{"embeddable":true,"href":"https:\/\/paulusfolkertsma.nl\/frl\/wp-json\/wp\/v2\/comments?post=553"}],"version-history":[{"count":1,"href":"https:\/\/paulusfolkertsma.nl\/frl\/wp-json\/wp\/v2\/pages\/553\/revisions"}],"predecessor-version":[{"id":554,"href":"https:\/\/paulusfolkertsma.nl\/frl\/wp-json\/wp\/v2\/pages\/553\/revisions\/554"}],"wp:attachment":[{"href":"https:\/\/paulusfolkertsma.nl\/frl\/wp-json\/wp\/v2\/media?parent=553"}],"curies":[{"name":"wp","href":"https:\/\/api.w.org\/{rel}","templated":true}]}}