{"id":388,"date":"2021-12-16T16:02:31","date_gmt":"2021-12-16T15:02:31","guid":{"rendered":"https:\/\/www.paulusfolkertsma.nl\/?page_id=388"},"modified":"2026-04-02T16:18:42","modified_gmt":"2026-04-02T14:18:42","slug":"introductie","status":"publish","type":"page","link":"https:\/\/paulusfolkertsma.nl\/frl\/","title":{"rendered":"Yntroduksje"},"content":{"rendered":"\n<p><\/p>\n\n\n\n<p>Fan 1901 oant 1972 libbe Paulus Folkertsma yn Frysl\u00e2n. Hy wie \u00fbnderwizer yn it basis\u00fbnderwiis yn Aldeboarn, bestjoerslid fan ferskate maatskiplike en tsjerkelike organisaasjes, mar boppe alles wie hy komponist. Mei troch Folkertsma syn grutte beskiedenens is der yn Frysl\u00e2n te min bekend oer dizze bys\u00fbndere musikus, mar wis ek d\u00ear b\u00fbten.<\/p>\n\n\n\n<p>Mei dizze webside hoopje wy by te dragen oan de oantinken oan dizze komponist en oan it fergrutsjen fan de bekendheid mei, en d\u00eartroch de wurdearring foar, syn wurk.<\/p>\n\n\n\n<p>Fragen, tafoegings en opmerkings oangeande dizze webside binne wolkom. Musikanten dy&#8217;t ynteressearre binne yn de neamde wurken wurde \u00fatnoege om kontakt op te nimmen mei de Paulus Folkertsma Stichting.<\/p>\n\n\n\n<h2 class=\"wp-block-heading\">Wommels<\/h2>\n\n\n\n<p>Yn de doarpskrante fan Wommels, Diggelfjoer, fan maart 2026,  stie in aardich artikel fan Johan Wagenaar oer Paulus Folkertsma en syn relaasje mei Wommels.<\/p>\n\n\n\n<figure class=\"wp-block-image size-full is-resized\"><a href=\"https:\/\/paulusfolkertsma.nl\/frl\/wp-content\/uploads\/2026\/03\/Wommels-paulus.png\"><img loading=\"lazy\" decoding=\"async\" width=\"327\" height=\"726\" src=\"https:\/\/paulusfolkertsma.nl\/frl\/wp-content\/uploads\/2026\/03\/Wommels-paulus.png\" alt=\"\" class=\"wp-image-498\" style=\"aspect-ratio:0.4504013946581151;width:419px;height:auto\" srcset=\"https:\/\/paulusfolkertsma.nl\/frl\/wp-content\/uploads\/2026\/03\/Wommels-paulus.png 327w, https:\/\/paulusfolkertsma.nl\/frl\/wp-content\/uploads\/2026\/03\/Wommels-paulus-135x300.png 135w, https:\/\/paulusfolkertsma.nl\/frl\/wp-content\/uploads\/2026\/03\/Wommels-paulus-122x270.png 122w\" sizes=\"auto, (max-width: 327px) 100vw, 327px\" \/><\/a><\/figure>\n\n\n\n<p>Nei it <a href=\"https:\/\/paulusfolkertsma.nl\/frl\/?page_id=159\" data-type=\"page\" data-id=\"159\">Nijsargyf.<\/a><\/p>\n\n\n\n<p><\/p>\n\n\n\n<p><\/p>\n\n\n\n<p><\/p>\n","protected":false},"excerpt":{"rendered":"<p>Fan 1901 oant 1972 libbe Paulus Folkertsma yn Frysl\u00e2n. Hy wie \u00fbnderwizer yn it basis\u00fbnderwiis yn Aldeboarn, bestjoerslid fan ferskate maatskiplike en tsjerkelike organisaasjes, mar boppe alles wie hy komponist.\u2026<\/p>\n","protected":false},"author":1,"featured_media":531,"parent":0,"menu_order":0,"comment_status":"closed","ping_status":"closed","template":"","meta":{"footnotes":""},"class_list":["post-388","page","type-page","status-publish","has-post-thumbnail","hentry"],"_links":{"self":[{"href":"https:\/\/paulusfolkertsma.nl\/frl\/wp-json\/wp\/v2\/pages\/388","targetHints":{"allow":["GET"]}}],"collection":[{"href":"https:\/\/paulusfolkertsma.nl\/frl\/wp-json\/wp\/v2\/pages"}],"about":[{"href":"https:\/\/paulusfolkertsma.nl\/frl\/wp-json\/wp\/v2\/types\/page"}],"author":[{"embeddable":true,"href":"https:\/\/paulusfolkertsma.nl\/frl\/wp-json\/wp\/v2\/users\/1"}],"replies":[{"embeddable":true,"href":"https:\/\/paulusfolkertsma.nl\/frl\/wp-json\/wp\/v2\/comments?post=388"}],"version-history":[{"count":32,"href":"https:\/\/paulusfolkertsma.nl\/frl\/wp-json\/wp\/v2\/pages\/388\/revisions"}],"predecessor-version":[{"id":543,"href":"https:\/\/paulusfolkertsma.nl\/frl\/wp-json\/wp\/v2\/pages\/388\/revisions\/543"}],"wp:featuredmedia":[{"embeddable":true,"href":"https:\/\/paulusfolkertsma.nl\/frl\/wp-json\/wp\/v2\/media\/531"}],"wp:attachment":[{"href":"https:\/\/paulusfolkertsma.nl\/frl\/wp-json\/wp\/v2\/media?parent=388"}],"curies":[{"name":"wp","href":"https:\/\/api.w.org\/{rel}","templated":true}]}}