{"id":29,"date":"2011-10-21T15:00:34","date_gmt":"2011-10-21T13:00:34","guid":{"rendered":"http:\/\/www.paulusfolkertsma.nl\/?page_id=29"},"modified":"2026-04-09T13:35:55","modified_gmt":"2026-04-09T11:35:55","slug":"promotie-cd","status":"publish","type":"page","link":"https:\/\/paulusfolkertsma.nl\/frl\/promotie-cd\/","title":{"rendered":"Promoasje CD"},"content":{"rendered":"\n<p>De promoasje-cd is produsearre tanksij in finansjele bydrage fan:<\/p>\n\n\n\n<p><strong>Douwe Kalma Stichting<\/strong><\/p>\n\n\n\n<p><strong>Juckema Siderius Stichting<\/strong><\/p>\n\n\n\n<p><strong>Ottema Kingma Stichting<\/strong><\/p>\n\n\n\n<p><strong>Pollema Tromp Stichting<\/strong><\/p>\n\n\n\n<figure class=\"wp-block-image is-resized\"><a href=\"https:\/\/www.paulusfolkertsma.nl\/wp-content\/uploads\/2026\/04\/promo.jpg\"><img decoding=\"async\" src=\"https:\/\/www.paulusfolkertsma.nl\/wp-content\/uploads\/2026\/04\/promo-300x291.jpg\" alt=\"\" class=\"wp-image-535\" style=\"aspect-ratio:1.0309831928260753;width:382px;height:auto\"\/><\/a><\/figure>\n\n\n\n<p>Paulus Folkertsma en syn wenh\u00fbs oan de Weaze yn Aldeboarn.<\/p>\n\n\n\n<p>Paulus Folkertsma (1901-1972) wie it grutste part fan syn libben skoalmaster yn Aldeboarn. As komponist wie hy autodidakt. Hy liet 77 offisjele opusn\u00fbmers nei; it werklike oantal komposysjes is mear as h\u00fbndert. D\u00ear\u00fbnder falle oargelwurken, lieten, symfonyske wurken, kantates, operettes en keamermuzyk foar in grut ferskaat oan ensembles. Dizze promoasje-cd jout in oersjoch fan syn alsidige oeuvre.<\/p>\n\n\n\n<p>Troch op de titels te klikken kinne jo nei de \u00fattreksels harkje.<br><\/p>\n\n\n\n<p><strong><a href=\"http:\/\/www.paulusfolkertsma.nl\/wp-includes\/images\/01 Nummer 1.mp3\" target=\"_blank\" rel=\"noopener\">1. Ynlieding<\/a><\/strong><\/p>\n\n\n\n<p><strong><a href=\"http:\/\/www.paulusfolkertsma.nl\/wp-includes\/images\/02 Nummer 2.mp3\" target=\"_blank\" rel=\"noopener\">2. Fij\u00e2n, mei dyn wreed geweld<\/a><\/strong><\/p>\n\n\n\n<p>De Twadde Wr\u00e2ldoarloch makke in djippe yndruk op Paulus Folkertsma. In protte fan syn komposysjes uterje dit. De kantate <em>Wer binn\u2019 de fjilden grien op. 52<\/em> foar koar en orkest datearret \u00fat 1949 en is op teksten fan &#8216;e Friese dichters Douwe Tamminga en Fedde Schurer. It gemak w\u00earmei&#8217;t er foar dizze besetting skriuwt liket opfallend. It resultaat is yndrukwekkend: nijsgjirrige orkestrale ynliedingen, klankrike muzyk foar it koar mei ryklik fersprate, geestich skreaune modulaasjes.<\/p>\n\n\n\n<p>Ad hoc orkest \u00fbnder lieding fan Harm Witteveen, Klaske Folmer (resitaasje)<\/p>\n\n\n\n<p>Fan &#8216;e CD Paulus Folkertsma, VPRO CD 014, 1992<\/p>\n\n\n\n<p><strong><a href=\"http:\/\/www.paulusfolkertsma.nl\/wp-includes\/images\/03 Nummer 3.mp3\" target=\"_blank\" rel=\"noopener\">3. In memoriam Blackhall, Sutton, Emmons (fragment)<\/a><\/strong><\/p>\n\n\n\n<p>Folkertsma syn djipgeandste wurk is s\u00fbnder mis it strijkwartet \u00fat 1943 &#8220;In memoriam R.O.Blackhall, A.J.Sutton, K.E.Emmons&#8221;, skreaun ta oantinken oan trije bemanningsleden fan in bommewerper fan &#8216;e Royal Canadian Air Force Halifax dy&#8217;t omkamen by in \u00fbngelok op 5 maaie 1943 by Aldeboarn. It is in \u00fats\u00fbnderlik konsintrearre wurk, w\u00earyn&#8217;t Folkertsma al syn harmonyske ynnovaasjes en kontrapuntyske feardigens kombinearre hat en se br\u00fbkt hat yn in oandwaanlike sfearfolle werjefte. Allinnich al de \u00fatfining is unyk. In anapest w\u00earyn&#8217;t de teze altyd in lytse terts \u00fbnder de arsis-toanen leit, is it haadmotyf. Yn ien lange beweging wurdt in spannende klimaks berikt fia kontrapuntyske komplikaasjes en swiere harmonyen, w\u00earnei&#8217;t de spanning op in tige natuerlike wize ferdwynt. It ein wurdt berikt fia in tige \u00fatf\u00fbne slotkadens w\u00earyn&#8217;t in hiele-toansearje foar de legere stim in promininte rol spilet. It Hathor Strijkkwartet<\/p>\n\n\n\n<p>Fan de CD Paulus Folkertsma, VPRO CD 014, 1992<\/p>\n\n\n\n<p>Ut Pianosonate op. 57 nr. 2<\/p>\n\n\n\n<p><strong><a href=\"http:\/\/www.paulusfolkertsma.nl\/wp-includes\/images\/04 Nummer 4.mp3\" target=\"_blank\" rel=\"noopener\">4. Romance<\/a><\/strong><\/p>\n\n\n\n<p><strong><a href=\"http:\/\/www.paulusfolkertsma.nl\/wp-includes\/images\/05 Nummer 5.mp3\" target=\"_blank\" rel=\"noopener\">5. Rondo<\/a><\/strong><\/p>\n\n\n\n<p>Johan Bijhold (piano)<\/p>\n\n\n\n<p>Fan de cd Mimerij, Hecro HRCD030202, 2001<\/p>\n\n\n\n<p>Ut Sonate foar fioele en piane yn d op. 46<\/p>\n\n\n\n<p><strong><a href=\"http:\/\/www.paulusfolkertsma.nl\/wp-includes\/images\/06 Nummer 6.mp3\" target=\"_blank\" rel=\"noopener\">6. deel 3<\/a><\/strong><\/p>\n\n\n\n<p>Jan Hulst (fioele), Cees Steinroth (piano)\\<\/p>\n\n\n\n<p>Fan de cd Paulus Folkertsma, VPRO CD 014, 1992<\/p>\n\n\n\n<p><strong><a href=\"http:\/\/www.paulusfolkertsma.nl\/wp-includes\/images\/07 Nummer 7.mp3\" target=\"_blank\" rel=\"noopener\">7. It fanke op \u2018e b\u00fbth\u00fasbank<\/a><\/strong><\/p>\n\n\n\n<p><strong><a href=\"http:\/\/www.paulusfolkertsma.nl\/wp-includes\/images\/08 Nummer 8.mp3\" target=\"_blank\" rel=\"noopener\">8. Sliepsankje<\/a><\/strong><\/p>\n\n\n\n<p><strong><a href=\"http:\/\/www.paulusfolkertsma.nl\/wp-includes\/images\/09 Nummer 9.mp3\" target=\"_blank\" rel=\"noopener\">9. Mimerij<\/a><\/strong><\/p>\n\n\n\n<p><strong><a href=\"http:\/\/www.paulusfolkertsma.nl\/wp-includes\/images\/10 Nummer 10.mp3\" target=\"_blank\" rel=\"noopener\">10. Advintsliet<\/a><\/strong><\/p>\n\n\n\n<p>De kantate <em>Mei snare en tonge<\/em> nimt in spesjaal plak yn yn it oeuvre fan Paulus Folkertsma. Folkertsma sels neamde dit wurk &#8220;it b\u00easte dat ik ea skreaun haw&#8221;. It is d\u00earom tige spitich dat de bl\u00eadmuzyk yn &#8216;e rin fan &#8216;e jierren ferlern gien is. It iennige dat bewarre bleaun is, binne in koarpartituer en in cassetteb\u00e2n mei in opname fan dit wurk, \u00fatfierd op 27 juny 1966 yn &#8216;e Martinikerk yn Boalsert troch it Frysk Orkest en koaren \u00fat Boalsert, Snits en Grou \u00fbnder lieding fan Bram Feenstra.<\/p>\n\n\n\n<p>Mei help fan dit materiaal hat Johan Bijhold in poging dien om dit wurk te rekonstruearjen. Hy spile de b\u00e2n hast maat foar maat en sette wat er hearde op papier. Fan it begjin \u00f4f wie it perfoarst net syn bedoeling om de orizjinele ynstrumintalisaasje te beh\u00e2lden; \u00fat respekt foar de komponist arranzjearre hy Folkertsma&#8217;s komposysje foar koar en strijkkwartet. It op dizze wize rekonstruearjen fan in yngewikkelde komposysje is fansels in monumintale taak, en Bijhold hat in bys\u00fbndere prestaasje berikt. Wy binne him d\u00earom benammen tankber foar. Mei tank oan syn ynspanningen is it no mooglik om kennis te meitsjen mei Folkertsma&#8217;s opus ultimus.<\/p>\n\n\n\n<p>It Nije Ensemble \u00fbnder lieding fan Hoite Pruiksma,<\/p>\n\n\n\n<p>Live-opname fan in konsert op 24 oktober 2009 yn de Grutte of Jacobijnertsjerke yn Ljouwert<\/p>\n\n\n\n<p>Ut De Jonkerboer op. 50<\/p>\n\n\n\n<p><strong><a href=\"http:\/\/www.paulusfolkertsma.nl\/wp-includes\/images\/14 Nummer 14.mp3\" target=\"_blank\" rel=\"noopener\">14. Io vivat<\/a><\/strong><\/p>\n\n\n\n<p><strong><a href=\"http:\/\/www.paulusfolkertsma.nl\/wp-includes\/images\/15 Nummer 15.mp3\" target=\"_blank\" rel=\"noopener\">15. \u2019t Wie sa stil<\/a><\/strong><\/p>\n\n\n\n<p><strong><a href=\"http:\/\/www.paulusfolkertsma.nl\/wp-includes\/images\/16 Nummer 16.mp3\" target=\"_blank\" rel=\"noopener\">16. Altyd bliuwt de leafde<\/a><\/strong><\/p>\n\n\n\n<p>483<\/p>\n\n\n\n<p>De Jonkerboer is in opera yn 2 bidriuwen, skreaun yn 1944. De tekstskriuwer, dokter IJpe Poortinga, basearre syn libretto op in ferhaal \u00fat de *Rimen en Teltsjes* fan de 19e-ieuske Grouster skriuwer, dokter Eeltsje Halbertsma. Folkertsma skreau dit wurk foar in grut ensemble mei solisten, koar en orkest. It arrangement op dizze cd is makke troch Johan Bijhold. It Nije Ensemble \u00fbnder lieding fan Hoite Pruiksma Live-opname fan in konsert op 28 septimber 2008 yn de Sint Pitertsjerke yn Grou.<\/p>\n","protected":false},"excerpt":{"rendered":"<p>De promoasje-cd is produsearre tanksij in finansjele bydrage fan: Douwe Kalma Stichting Juckema Siderius Stichting Ottema Kingma Stichting Pollema Tromp Stichting Paulus Folkertsma en syn wenh\u00fbs oan de Weaze yn\u2026<\/p>\n","protected":false},"author":1,"featured_media":0,"parent":0,"menu_order":0,"comment_status":"closed","ping_status":"closed","template":"","meta":{"footnotes":""},"class_list":["post-29","page","type-page","status-publish","hentry"],"_links":{"self":[{"href":"https:\/\/paulusfolkertsma.nl\/frl\/wp-json\/wp\/v2\/pages\/29","targetHints":{"allow":["GET"]}}],"collection":[{"href":"https:\/\/paulusfolkertsma.nl\/frl\/wp-json\/wp\/v2\/pages"}],"about":[{"href":"https:\/\/paulusfolkertsma.nl\/frl\/wp-json\/wp\/v2\/types\/page"}],"author":[{"embeddable":true,"href":"https:\/\/paulusfolkertsma.nl\/frl\/wp-json\/wp\/v2\/users\/1"}],"replies":[{"embeddable":true,"href":"https:\/\/paulusfolkertsma.nl\/frl\/wp-json\/wp\/v2\/comments?post=29"}],"version-history":[{"count":25,"href":"https:\/\/paulusfolkertsma.nl\/frl\/wp-json\/wp\/v2\/pages\/29\/revisions"}],"predecessor-version":[{"id":556,"href":"https:\/\/paulusfolkertsma.nl\/frl\/wp-json\/wp\/v2\/pages\/29\/revisions\/556"}],"wp:attachment":[{"href":"https:\/\/paulusfolkertsma.nl\/frl\/wp-json\/wp\/v2\/media?parent=29"}],"curies":[{"name":"wp","href":"https:\/\/api.w.org\/{rel}","templated":true}]}}