{"id":4,"date":"2011-10-23T12:18:25","date_gmt":"2011-10-23T12:18:25","guid":{"rendered":"http:\/\/www.paulusfolkertsma.nl\/en\/?page_id=4"},"modified":"2026-04-07T09:26:58","modified_gmt":"2026-04-07T07:26:58","slug":"introduction","status":"publish","type":"page","link":"https:\/\/paulusfolkertsma.nl\/en\/","title":{"rendered":"Frontpage"},"content":{"rendered":"\n<p>Von 1901 bis 1972 lebte in Friesland Paulus Folkertsma. Er war Lehrer an derVolksshule in Aldeboarn, Vorstandsmitglied verschiedener gesellschftlichen und kirchlichen Organisationen, aber vor allem war er Komponist.<br>Wegen Folkertsma\u2019s gro\u00dfer Bescheidenheit ist in Friesland, aber sicher auch ausserhalb dieser niederl\u00e4ndischen Provinz zu wenig bekannt \u00fcber diesen markanten Musiker.<\/p>\n\n\n\n<p>Diese Website ist ein Andenken an den komponisten Paulus Folkertsma. Wir hoffen damit beizutragen, die Bekanntheit seiner Musik zu f\u00f6rdern und damit auch die Wertsch\u00e4tzung seiner Werke.<\/p>\n\n\n\n<p>Fragen, Erg\u00e4nzungen und Kommentar auf diese Website sind willkommen. Musiker die Interesse haben die Werke kennenzulernen laden wir ein, mit der Paulus Folkertsma Stichting Kontakt aufzunehmen.<\/p>\n\n\n\n<p><\/p>\n\n\n\n<p><\/p>\n\n\n\n<p><\/p>\n\n\n\n<p><a href=\"https:\/\/paulusfolkertsma.nl\/en\/de\/?page_id=12\">Zum Wissenswertes<\/a><\/p>\n","protected":false},"excerpt":{"rendered":"<p>Von 1901 bis 1972 lebte in Friesland Paulus Folkertsma. Er war Lehrer an derVolksshule in Aldeboarn, Vorstandsmitglied verschiedener gesellschftlichen und kirchlichen Organisationen, aber vor allem war er Komponist.Wegen Folkertsma\u2019s gro\u00dfer\u2026<\/p>\n","protected":false},"author":1,"featured_media":234,"parent":0,"menu_order":0,"comment_status":"open","ping_status":"open","template":"","meta":{"footnotes":""},"class_list":["post-4","page","type-page","status-publish","has-post-thumbnail","hentry"],"_links":{"self":[{"href":"https:\/\/paulusfolkertsma.nl\/en\/wp-json\/wp\/v2\/pages\/4","targetHints":{"allow":["GET"]}}],"collection":[{"href":"https:\/\/paulusfolkertsma.nl\/en\/wp-json\/wp\/v2\/pages"}],"about":[{"href":"https:\/\/paulusfolkertsma.nl\/en\/wp-json\/wp\/v2\/types\/page"}],"author":[{"embeddable":true,"href":"https:\/\/paulusfolkertsma.nl\/en\/wp-json\/wp\/v2\/users\/1"}],"replies":[{"embeddable":true,"href":"https:\/\/paulusfolkertsma.nl\/en\/wp-json\/wp\/v2\/comments?post=4"}],"version-history":[{"count":46,"href":"https:\/\/paulusfolkertsma.nl\/en\/wp-json\/wp\/v2\/pages\/4\/revisions"}],"predecessor-version":[{"id":240,"href":"https:\/\/paulusfolkertsma.nl\/en\/wp-json\/wp\/v2\/pages\/4\/revisions\/240"}],"wp:featuredmedia":[{"embeddable":true,"href":"https:\/\/paulusfolkertsma.nl\/en\/wp-json\/wp\/v2\/media\/234"}],"wp:attachment":[{"href":"https:\/\/paulusfolkertsma.nl\/en\/wp-json\/wp\/v2\/media?parent=4"}],"curies":[{"name":"wp","href":"https:\/\/api.w.org\/{rel}","templated":true}]}}