{"id":242,"date":"2026-04-09T10:41:34","date_gmt":"2026-04-09T08:41:34","guid":{"rendered":"https:\/\/paulusfolkertsma.nl\/de\/?page_id=242"},"modified":"2026-04-09T10:41:34","modified_gmt":"2026-04-09T08:41:34","slug":"datenschutzerklarung","status":"publish","type":"page","link":"https:\/\/paulusfolkertsma.nl\/de\/datenschutzerklarung\/","title":{"rendered":"Datenschutzerkl\u00e4rung"},"content":{"rendered":"\n<h2 class=\"wp-block-heading\">Wer wir sind<\/h2>\n\n\n\n<p>Die Paulus Folkertsma Stiftung mit Sitz in Weaze 30, 8495 HE Aldeboarn, ist f\u00fcr die Verarbeitung personenbezogener Daten gem\u00e4\u00df dieser Datenschutzerkl\u00e4rung verantwortlich.<\/p>\n\n\n\n<p>Kontakt:<\/p>\n\n\n\n<p>Paulus Folkertsma Stiftung<\/p>\n\n\n\n<p>Weaze 30<br>8495 HE Aldeboarn<\/p>\n\n\n\n<p>Tel. +31 58 266 2633<\/p>\n\n\n\n<p>J. Folkertsma ist der Datenschutzbeauftragte der Paulus Folkertsma Stiftung. Sie erreichen ihn unter info@paulusfolkertsma.nl.<\/p>\n\n\n\n<h2 class=\"wp-block-heading\">Von uns verarbeitete personenbezogene Daten<\/h2>\n\n\n\n<p>Die Paulus Folkertsma Stiftung verarbeitet Ihre personenbezogenen Daten, weil Sie unsere Dienste nutzen und\/oder uns diese Daten selbst zur Verf\u00fcgung stellen. Nachfolgend finden Sie eine \u00dcbersicht der von uns verarbeiteten personenbezogenen Daten:<\/p>\n\n\n\n<p>\u2013 Vor- und Nachname<\/p>\n\n\n\n<p>\u2013 Geschlecht<\/p>\n\n\n\n<p>\u2013 Adressdaten<\/p>\n\n\n\n<p>\u2013 Telefonnummer<\/p>\n\n\n\n<p>\u2013 E-Mail-Adresse<\/p>\n\n\n\n<h2 class=\"wp-block-heading\">Besondere und\/oder sensible personenbezogene Daten, die wir verarbeiten<\/h2>\n\n\n\n<p>Unsere Website und\/oder unser Service sind nicht darauf ausgelegt, Daten von Website-Besuchern unter 16 Jahren zu erfassen, es sei denn, sie haben die Einwilligung ihrer Eltern oder Erziehungsberechtigten. Wir k\u00f6nnen jedoch nicht \u00fcberpr\u00fcfen, ob ein Besucher \u00e4lter als 16 Jahre ist. Daher empfehlen wir Eltern, die Online-Aktivit\u00e4ten ihrer Kinder zu begleiten, um zu verhindern, dass Daten \u00fcber Kinder ohne elterliche Einwilligung erfasst werden. Sollten Sie der Ansicht sein, dass wir personenbezogene Daten eines Minderj\u00e4hrigen ohne diese Einwilligung erfasst haben, kontaktieren Sie uns bitte unter info@paulusfolkertsma.nl. Wir werden diese Daten dann l\u00f6schen.<\/p>\n\n\n\n<h2 class=\"wp-block-heading\">Zu welchem \u200b\u200bZweck und auf welcher Grundlage verarbeiten wir personenbezogene Daten? <\/h2>\n\n\n\n<p>Die Paulus Folkertsma Stiftung verarbeitet Ihre personenbezogenen Daten zu folgenden Zwecken:<\/p>\n\n\n\n<p>\u2013 Abwicklung Ihrer Zahlung<\/p>\n\n\n\n<p>\u2013 Versand unseres Newsletters und\/oder unserer Werbebrosch\u00fcre<\/p>\n\n\n\n<p>\u2013 Kontaktaufnahme per Telefon oder E-Mail, falls dies zur Erbringung unserer Dienstleistungen erforderlich ist.<\/p>\n\n\n\n<p>\u2013 Lieferung von Waren und Dienstleistungen an Sie.<\/p>\n\n\n\n<h2 class=\"wp-block-heading\">Automatisierte Entscheidungsfindung<\/h2>\n\n\n\n<p>Die Paulus Folkertsma Stiftung trifft keine Entscheidungen auf Grundlage automatisierter Verarbeitung in Angelegenheiten, die (erhebliche) Folgen f\u00fcr Einzelpersonen haben k\u00f6nnten. Dies sind Entscheidungen, die von Computerprogrammen oder -systemen ohne menschliches Eingreifen (z. B. durch einen Mitarbeiter der Paulus Folkertsma Stiftung) getroffen werden.<\/p>\n\n\n\n<h2 class=\"wp-block-heading\">Speicherdauer personenbezogener Daten<\/h2>\n\n\n\n<p>Die Paulus Folkertsma Stiftung speichert Ihre personenbezogenen Daten nicht l\u00e4nger als unbedingt notwendig f\u00fcr die Zwecke, f\u00fcr die sie erhoben wurden. Wir wenden folgende Aufbewahrungsfristen f\u00fcr personenbezogene Daten an:<\/p>\n\n\n\n<p>Personenbezogene Daten von Spendern: solange die Person Spender ist. <\/p>\n\n\n\n<p>Personenbezogene Daten von Personen, die Bestellungen aufgeben\/K\u00e4ufe \u00fcber die Website\/per Bank\u00fcberweisung t\u00e4tigen: solange die gesetzliche Aufbewahrungsfrist f\u00fcr die Verwaltung (Buchhaltung) gilt.<\/p>\n\n\n\n<h2 class=\"wp-block-heading\">Weitergabe personenbezogener Daten an Dritte<\/h2>\n\n\n\n<p>Die Paulus Folkertsma Stiftung gibt Ihre Daten nicht an Dritte weiter und verkauft sie auch nicht. Wir haben mit Unternehmen, die Ihre Daten in unserem Auftrag verarbeiten, eine Vereinbarung zur Auftragsverarbeitung abgeschlossen, um das gleiche Ma\u00df an Sicherheit und Vertraulichkeit Ihrer Daten zu gew\u00e4hrleisten. Die Paulus Folkertsma Stiftung ist weiterhin f\u00fcr diese Datenverarbeitungst\u00e4tigkeiten verantwortlich.<\/p>\n\n\n\n<h2 class=\"wp-block-heading\">Verwendete Cookies oder \u00e4hnliche Technologien<\/h2>\n\n\n\n<p>Die Paulus Folkertsma Stiftung verwendet keine Cookies oder \u00e4hnliche Technologien.<\/p>\n\n\n\n<h2 class=\"wp-block-heading\">Einsichtnahme, \u00c4nderung oder L\u00f6schung von Daten<\/h2>\n\n\n\n<p>Sie haben das Recht, Ihre personenbezogenen Daten einzusehen, zu berichtigen oder zu l\u00f6schen. Dar\u00fcber hinaus haben Sie das Recht, Ihre Einwilligung zur Datenverarbeitung zu widerrufen oder der Verarbeitung Ihrer personenbezogenen Daten durch die Paulus Folkertsma Stiftung zu widersprechen. Sie haben au\u00dferdem das Recht auf Daten\u00fcbertragbarkeit. Das bedeutet, dass Sie uns auffordern k\u00f6nnen, Ihnen oder einer von Ihnen benannten anderen Organisation Ihre bei uns gespeicherten personenbezogenen Daten in einer Computerdatei zu \u00fcbermitteln. Sie k\u00f6nnen eine Anfrage auf Auskunft, Berichtigung, L\u00f6schung oder Daten\u00fcbertragbarkeit Ihrer personenbezogenen Daten sowie auf Widerruf Ihrer Einwilligung oder Widerspruch gegen die Verarbeitung Ihrer personenbezogenen Daten an info@paulusfolkertsma.nl senden. Um sicherzustellen, dass die Anfrage von Ihnen stammt, bitten wir Sie, eine Kopie Ihres Identit\u00e4tsnachweises beizuf\u00fcgen. Bitte schw\u00e4rzen Sie auf dieser Kopie Ihr Passfoto, die maschinenlesbare Zone (MRZ, die Zahlenreihe am unteren Rand des Passes), Ihre Passnummer und Ihre B\u00fcrgerservicenummer (BSN). Dies dient dem Schutz Ihrer Privatsph\u00e4re. Wir werden Ihre Anfrage schnellstm\u00f6glich, sp\u00e4testens jedoch innerhalb von vier Wochen, bearbeiten. Die Paulus-Folkertsma-Stiftung weist Sie au\u00dferdem darauf hin, dass Sie die M\u00f6glichkeit haben, eine Beschwerde bei der nationalen Aufsichtsbeh\u00f6rde, der niederl\u00e4ndischen Datenschutzbeh\u00f6rde, einzureichen. Dies k\u00f6nnen Sie \u00fcber folgenden Link tun: https:\/\/autoriteitpersoonsgegevens.nl\/nl\/contact-met-de-autoriteit-persoonsgegevens\/tip-ons.<\/p>\n\n\n\n<h2 class=\"wp-block-heading\">Wie wir personenbezogene Daten sch\u00fctzen<\/h2>\n\n\n\n<p>Die Paulus Folkertsma Stiftung nimmt den Schutz Ihrer Daten ernst und ergreift geeignete Ma\u00dfnahmen, um Missbrauch, Verlust, unbefugten Zugriff, unerw\u00fcnschte Offenlegung und unbefugte \u00c4nderung zu verhindern.<\/p>\n","protected":false},"excerpt":{"rendered":"<p>Wer wir sind Die Paulus Folkertsma Stiftung mit Sitz in Weaze 30, 8495 HE Aldeboarn, ist f\u00fcr die Verarbeitung personenbezogener Daten gem\u00e4\u00df dieser Datenschutzerkl\u00e4rung verantwortlich. Kontakt: Paulus Folkertsma Stiftung Weaze\u2026<\/p>\n","protected":false},"author":1,"featured_media":0,"parent":0,"menu_order":0,"comment_status":"closed","ping_status":"closed","template":"","meta":{"footnotes":""},"class_list":["post-242","page","type-page","status-publish","hentry"],"_links":{"self":[{"href":"https:\/\/paulusfolkertsma.nl\/de\/wp-json\/wp\/v2\/pages\/242","targetHints":{"allow":["GET"]}}],"collection":[{"href":"https:\/\/paulusfolkertsma.nl\/de\/wp-json\/wp\/v2\/pages"}],"about":[{"href":"https:\/\/paulusfolkertsma.nl\/de\/wp-json\/wp\/v2\/types\/page"}],"author":[{"embeddable":true,"href":"https:\/\/paulusfolkertsma.nl\/de\/wp-json\/wp\/v2\/users\/1"}],"replies":[{"embeddable":true,"href":"https:\/\/paulusfolkertsma.nl\/de\/wp-json\/wp\/v2\/comments?post=242"}],"version-history":[{"count":1,"href":"https:\/\/paulusfolkertsma.nl\/de\/wp-json\/wp\/v2\/pages\/242\/revisions"}],"predecessor-version":[{"id":243,"href":"https:\/\/paulusfolkertsma.nl\/de\/wp-json\/wp\/v2\/pages\/242\/revisions\/243"}],"wp:attachment":[{"href":"https:\/\/paulusfolkertsma.nl\/de\/wp-json\/wp\/v2\/media?parent=242"}],"curies":[{"name":"wp","href":"https:\/\/api.w.org\/{rel}","templated":true}]}}