{"id":14,"date":"2011-10-23T15:28:24","date_gmt":"2011-10-23T13:28:24","guid":{"rendered":"http:\/\/www.paulusfolkertsma.nl\/en\/?page_id=14"},"modified":"2026-04-09T13:39:11","modified_gmt":"2026-04-09T11:39:11","slug":"promotional-cd","status":"publish","type":"page","link":"https:\/\/paulusfolkertsma.nl\/de\/promotional-cd\/","title":{"rendered":"Promotions CD"},"content":{"rendered":"\n<p>Die Promotions-cd kam zustande mit finanzieller Unterst\u00fctzung von:<\/p>\n\n\n\n<p><strong>Douwe Kalma Stifting<\/strong><br><strong>Stichting Juckema Siderius fonds<\/strong><br><strong>Ottema Kingma Stichting<\/strong><br><strong>Pollema Tromp Stichting<\/strong><br><\/p>\n\n\n\n<figure class=\"wp-block-image size-full is-resized\"><a href=\"https:\/\/paulusfolkertsma.nl\/de\/wp-content\/uploads\/2026\/04\/image.png\"><img loading=\"lazy\" decoding=\"async\" width=\"710\" height=\"689\" src=\"https:\/\/paulusfolkertsma.nl\/de\/wp-content\/uploads\/2026\/04\/image.png\" alt=\"\" class=\"wp-image-245\" style=\"aspect-ratio:1.030479646218392;width:442px;height:auto\" srcset=\"https:\/\/paulusfolkertsma.nl\/de\/wp-content\/uploads\/2026\/04\/image.png 710w, https:\/\/paulusfolkertsma.nl\/de\/wp-content\/uploads\/2026\/04\/image-300x291.png 300w\" sizes=\"auto, (max-width: 710px) 100vw, 710px\" \/><\/a><\/figure>\n\n\n\n<p>Paulus Folkertsma und seine Wohnung\u00a0 an der Weaze in Aldeboarn.<\/p>\n\n\n\n<p>Paulus Folkertsma (1901-1972) war die l\u00e4ngste Zeit seines Lebens Schullehrer in dem Friesischen Ort Aldeboarn. Als Komponist war er Autodidakt. Er hat 77 offizielle Opusnummern hinterlassen; die wirkliche Zahl&nbsp; seiner Kompositionen betr\u00e4gt mehr als hundert. Es handelt sich dabei um Orgelwerke, Lieder, symfonische Werke, Kantaten, Operetten und Kammermusik. Diese Promotions CD gibt einen \u00dcberblick seines vielseitigen Oeuvres.<\/p>\n\n\n\n<p>Klicken Sie auf die Titel, um an das Fragment zu h\u00f6ren.<\/p>\n\n\n\n<p><strong>Aus: \u201cWer binn\u2019de fjlden grien\u201c<\/strong><\/p>\n\n\n\n<p><strong><a href=\"http:\/\/www.paulusfolkertsma.nl\/wp-includes\/images\/01 Nummer 1.mp3\" target=\"_blank\" rel=\"noopener\">1. Einleitung<\/a><\/strong><\/p>\n\n\n\n<p><strong><a href=\"http:\/\/www.paulusfolkertsma.nl\/wp-includes\/images\/02 Nummer 2.mp3\" target=\"_blank\" rel=\"noopener\">2. Fij\u00e2n, mei dyn wreed geweld<\/a><\/strong><\/p>\n\n\n\n<p>Der Zweite Weltkrieg hat &nbsp;Paulus Folkertsma sehr beeindruckt. Viele seiner Kompositionen geben Ausdruck daran. Die Kantate \u201cWer binn\u2019 de fjilden grien\u201d Op. 52 f\u00fcr Chor und Orchester stammt aus dem Jahre 1949 und ist komponiert auf Texte der Friesischen Dichter Douwe Tamminga und Fedde Schurer. Auff\u00e4llig ist die Leichtigkeit womit er f\u00fcr diese Besetzung schreibt. Das Resultat mag gesehen werden: intrigierende Orchestereinleitungen, wohlklingende Musik f\u00fcr den Chor mit freigiebig hergesteuten, spitzfindig geschriebenen Modulationen<\/p>\n\n\n\n<p>Ad hoc Orchester unter Leitung von Harm Witteveen, Klaske Folmer (Deklamation)<\/p>\n\n\n\n<p>Von der cd Paulus Folkertsma, VPRO CD 014, 1992<\/p>\n\n\n\n<p><strong><a href=\"http:\/\/www.paulusfolkertsma.nl\/wp-includes\/images\/03 Nummer 3.mp3\" target=\"_blank\" rel=\"noopener\">3. In<\/a><\/strong><a href=\"http:\/\/www.paulusfolkertsma.nl\/wp-includes\/images\/03 Nummer 3.mp3\" target=\"_blank\" rel=\"noopener\"><strong> memoriam Blackhall, Sutton, Emmons (Fragment)<\/strong><\/a><\/p>\n\n\n\n<p>Folkertsma\u2019s tiefsinnigstes Werk ist zweifellos &nbsp;das Streichquartett aus 1943 \u201cIn memoriam R.O.Blackhall, A.J.Sutton, K.E.Emmons\u201d, Komponiert zum Ged\u00e4chtnis an drei Bemannungsmitglieder eines Halifax Bombers der Royal Canadian Air Force, die ums Leben kamen bei eimem Absturz am 5. Mai1943 inder N\u00e4he von Aldeboarn. Es ist ein besonders&nbsp;&nbsp;&nbsp; &nbsp;konzentriertes Werk, in dem Folkertsma seine ganzen harmonischen Findungen und &nbsp;sein kontrapunktisches K\u00f6nnen kombinierte und einer ergreifenden Sf\u00e4renschilderung zu Diensten stellte. Schon die Invention ist einmalig. Ein Anapest wobei die Thesis immer eine kleine Terz unter den Arsist\u00f6nen liegt, ist das Leitmotiv. In einer einzigen langen Bewegung wird \u00fcber kontrapunktische Verwicklungen und pregnante Harmonien ein spannender Klimax erreicht wonach die Spanning auf ganz nat\u00fcrliche Art wegebt. Das Ende wird \u00fcber eine sehr inventive Schlu\u00dfkadenz erreicht in der eine Ganztonfolge f\u00fcr die Unterstimme eine auffallende Rolle spielt.<\/p>\n\n\n\n<p>Das Hathor Strechquartett<\/p>\n\n\n\n<p>Von der CD Paulus Folkertsma, VPRO CD 014, 1992<\/p>\n\n\n\n<p>Aus Klaviersonate Op. 57 nr. 2<\/p>\n\n\n\n<p><strong><a href=\"http:\/\/www.paulusfolkertsma.nl\/wp-includes\/images\/04 Nummer 4.mp3\" target=\"_blank\" rel=\"noopener\">4. Romance<\/a><\/strong><\/p>\n\n\n\n<p><strong><a href=\"http:\/\/www.paulusfolkertsma.nl\/wp-includes\/images\/05 Nummer 5.mp3\" target=\"_blank\" rel=\"noopener\">5. Rondo<\/a><\/strong><\/p>\n\n\n\n<p>Johan Bijhold (Klavier)<\/p>\n\n\n\n<p>Von der CD \u201cMimerij\u201d, Hecro HRCD030202, 2001<\/p>\n\n\n\n<p>Aus &nbsp;\u201cSonate foar fioele en piane yn d\u201d &nbsp;Op. 46<\/p>\n\n\n\n<p><strong><a href=\"http:\/\/www.paulusfolkertsma.nl\/wp-includes\/images\/06 Nummer 6.mp3\" target=\"_blank\" rel=\"noopener\">6. Dritter Teil<\/a><\/strong><\/p>\n\n\n\n<p>Jan Hulst (Violine), Cees Steinroth (Klavier)<\/p>\n\n\n\n<p>Von der CD Paulus Folkertsma, VPRO CD 014, 1992<\/p>\n\n\n\n<p><strong><a href=\"http:\/\/www.paulusfolkertsma.nl\/wp-includes\/images\/07 Nummer 7.mp3\" target=\"_blank\" rel=\"noopener\">7. It fanke op \u2018e b\u00fbth\u00fasbank<\/a><\/strong><\/p>\n\n\n\n<p><strong><a href=\"http:\/\/www.paulusfolkertsma.nl\/wp-includes\/images\/08 Nummer 8.mp3\" target=\"_blank\" rel=\"noopener\">8. Sliepsankje<\/a><\/strong><\/p>\n\n\n\n<p><strong><a href=\"http:\/\/www.paulusfolkertsma.nl\/wp-includes\/images\/09 Nummer 9.mp3\" target=\"_blank\" rel=\"noopener\">9. Mimerij<\/a><\/strong><\/p>\n\n\n\n<p><strong><a href=\"http:\/\/www.paulusfolkertsma.nl\/wp-includes\/images\/10 Nummer 10.mp3\" target=\"_blank\" rel=\"noopener\">10. Advintsliet<\/a><\/strong><\/p>\n\n\n\n<p>In &nbsp;Paulus Folkertsma\u2019s Oeuvre nimmt die Kantate \u201cMei snare en tonge\u201d einen besonderen Platz ein. Selbst nannte Folkertsma dieses Werk \u201cdas Beste das ich je geschrieben habe\u201d. Deshalb ist es unheimlich schade, dass die Noten im Laufe der Zeit verloren gingen. Das Einzig \u00fcbrig Gebliebene ist eine Chorpartitur und eine Tonkassette mit einer Aufnahme dieses Werkes von einer Auff\u00fchrung am 27. Juni1966 inder Martinikirche in Bolsward durch das Frysk Orkest und Ch\u00f6re aus Bolsward, Sneek und Grou unter Leitung von Bram&nbsp; Feenstra.<\/p>\n\n\n\n<p>Mit diesem Material hat Johan Bijhold versucht das Werk zu rekonstruieren. Beinahe Takt f\u00fcr &nbsp;Takt hat er die Kassette belauscht und was er h\u00f6rte dem Papier anvertraut. Es war von Anfang an nachdr\u00fccklich nicht seine Absicht die urspr\u00fcngliche Instrumentation zu erhalten; aus Respekt vor der Komposition Folkertsma\u2019s machte er lieber eine Bearbeitung f\u00fcr Chor und Streichquartett. Die Rekonstruktion einer derart komplizierten Komposition&nbsp; auf diese Art ist eine M\u00f6nchsarbeit und der Musiker Bijhold hat damit eine Leistung von Format hingestellt. Wir sind ihm auch besonders dankbar daf\u00fcr. Durch diese Leistung ist es nun wieder m\u00f6glich Kenntnis zu nehmen von Folkertsma\u2019s Opus ultimus.<\/p>\n\n\n\n<p>It Nije Ensemble unter Leitung von &nbsp;Hoite Pruiksma<\/p>\n\n\n\n<p>Live-Aufnahme eines Konzertes am 24. Oktober2009 inder Grote of Jacobijnerkerk in Leeuwarden.<\/p>\n\n\n\n<p>Aus &nbsp;\u201cDe Jonkerboer\u201d Op. 50<\/p>\n\n\n\n<p><strong><a href=\"http:\/\/www.paulusfolkertsma.nl\/wp-includes\/images\/14 Nummer 14.mp3\" target=\"_blank\" rel=\"noopener\">14. Io vivat<\/a><\/strong><\/p>\n\n\n\n<p><strong><a href=\"http:\/\/www.paulusfolkertsma.nl\/wp-includes\/images\/15 Nummer 15.mp3\" target=\"_blank\" rel=\"noopener\">15. \u2019t Wie sa stil<\/a><\/strong><\/p>\n\n\n\n<p><strong><a href=\"http:\/\/www.paulusfolkertsma.nl\/wp-includes\/images\/16 Nummer 16.mp3\" target=\"_blank\" rel=\"noopener\">16. Altyd bliuwt de leafde<\/a><\/strong><\/p>\n\n\n\n<p>\u201cDe Jonkerboer\u201d ist eine Oper in 2 Aufz\u00fcgen, im Jahr1944 geschrieben. Der Texktdichter Dr. IJpe Poortinga hat sein Libretto auf eine geschichte aus den \u201eRimen en Teltsjes\u201c des Schriftstellers Dr.Eeltsje Halbertsma aus dem 19.Jahrhundert basiert. Folkertsma komponierte dieses Werk f\u00fcr gro\u00dfe Besetzung mit Solisten, Chor und Orchester. Die Bearbeitung ist von Hand Johan Bijholds.<\/p>\n\n\n\n<p>It Nije Ensemble unter Leitung von Hoite Pruiksma<\/p>\n\n\n\n<p>Live-opname eines Konzertes am 28. September2008 inder Sint Piter Kirche in Grou.<\/p>\n","protected":false},"excerpt":{"rendered":"<p>Die Promotions-cd kam zustande mit finanzieller Unterst\u00fctzung von: Douwe Kalma StiftingStichting Juckema Siderius fondsOttema Kingma StichtingPollema Tromp Stichting Paulus Folkertsma und seine Wohnung\u00a0 an der Weaze in Aldeboarn. Paulus Folkertsma\u2026<\/p>\n","protected":false},"author":1,"featured_media":0,"parent":0,"menu_order":0,"comment_status":"closed","ping_status":"closed","template":"","meta":{"footnotes":""},"class_list":["post-14","page","type-page","status-publish","hentry"],"_links":{"self":[{"href":"https:\/\/paulusfolkertsma.nl\/de\/wp-json\/wp\/v2\/pages\/14","targetHints":{"allow":["GET"]}}],"collection":[{"href":"https:\/\/paulusfolkertsma.nl\/de\/wp-json\/wp\/v2\/pages"}],"about":[{"href":"https:\/\/paulusfolkertsma.nl\/de\/wp-json\/wp\/v2\/types\/page"}],"author":[{"embeddable":true,"href":"https:\/\/paulusfolkertsma.nl\/de\/wp-json\/wp\/v2\/users\/1"}],"replies":[{"embeddable":true,"href":"https:\/\/paulusfolkertsma.nl\/de\/wp-json\/wp\/v2\/comments?post=14"}],"version-history":[{"count":18,"href":"https:\/\/paulusfolkertsma.nl\/de\/wp-json\/wp\/v2\/pages\/14\/revisions"}],"predecessor-version":[{"id":246,"href":"https:\/\/paulusfolkertsma.nl\/de\/wp-json\/wp\/v2\/pages\/14\/revisions\/246"}],"wp:attachment":[{"href":"https:\/\/paulusfolkertsma.nl\/de\/wp-json\/wp\/v2\/media?parent=14"}],"curies":[{"name":"wp","href":"https:\/\/api.w.org\/{rel}","templated":true}]}}