{"id":12,"date":"2011-10-23T14:44:53","date_gmt":"2011-10-23T12:44:53","guid":{"rendered":"http:\/\/www.paulusfolkertsma.nl\/en\/?page_id=12"},"modified":"2026-04-07T10:10:13","modified_gmt":"2026-04-07T08:10:13","slug":"news","status":"publish","type":"page","link":"https:\/\/paulusfolkertsma.nl\/de\/news\/","title":{"rendered":"Nachrichtenarchiv"},"content":{"rendered":"<h3>23. Juni 2018: Midsimmertwirre Minifestival Klassische Musik von Paulus Folkertsma sehr erfolgreich<\/h3>\n<p>Die neue Stiftung Aldeboarn Foar\u00fat in Zusammenarbeit mit der Paulus Folkertsma Stiftung blickt auf ein sehr erfolgreiches Festival zur\u00fcck. Beide Stiftungen sind stolz, dass viele Menschen die Auff\u00fchrungen an verschiedenen Orten genie\u00dfen k\u00f6nnen. Dies ist der gro\u00dfen Gruppe von Freiwilligen zu verdanken, die gro\u00dfe Anstrengungen unternommen haben, um diese Veranstaltung zu einem Erfolg zu machen. An einem Abend, der reibungslos verlief, mit einer sch\u00f6nen Dekoration an den verschiedenen Standorten und viel Anerkennung von den Besuchern erhielt. Es ist\u00a0 einen Abend um nicht leicht zu vergessen.<\/p>\n<p>Hier sind einige stimmungsvolle Fotos:<\/p>\n<p><img loading=\"lazy\" decoding=\"async\" class=\"alignnone size-medium wp-image-101\" src=\"https:\/\/paulusfolkertsma.nl\/de\/de\/wp-content\/uploads\/2018\/06\/36002999_2210863048939035_5685711396168269824_n-225x300.jpg\" alt=\"\" width=\"225\" height=\"300\" srcset=\"https:\/\/paulusfolkertsma.nl\/de\/wp-content\/uploads\/2018\/06\/36002999_2210863048939035_5685711396168269824_n-225x300.jpg 225w, https:\/\/paulusfolkertsma.nl\/de\/wp-content\/uploads\/2018\/06\/36002999_2210863048939035_5685711396168269824_n.jpg 720w\" sizes=\"auto, (max-width: 225px) 100vw, 225px\" \/>\u00a0\u00a0 <img loading=\"lazy\" decoding=\"async\" class=\"alignnone size-medium wp-image-102\" src=\"https:\/\/paulusfolkertsma.nl\/de\/de\/wp-content\/uploads\/2018\/06\/36002881_2210863052272368_2738556377260621824_n-225x300.jpg\" alt=\"\" width=\"225\" height=\"300\" srcset=\"https:\/\/paulusfolkertsma.nl\/de\/wp-content\/uploads\/2018\/06\/36002881_2210863052272368_2738556377260621824_n-225x300.jpg 225w, https:\/\/paulusfolkertsma.nl\/de\/wp-content\/uploads\/2018\/06\/36002881_2210863052272368_2738556377260621824_n.jpg 720w\" sizes=\"auto, (max-width: 225px) 100vw, 225px\" \/>\u00a0 \u00a0 <img loading=\"lazy\" decoding=\"async\" class=\"alignnone size-medium wp-image-103\" src=\"https:\/\/paulusfolkertsma.nl\/de\/de\/wp-content\/uploads\/2018\/06\/35992737_2210863202272353_6686833311832080384_n-225x300.jpg\" alt=\"\" width=\"225\" height=\"300\" srcset=\"https:\/\/paulusfolkertsma.nl\/de\/wp-content\/uploads\/2018\/06\/35992737_2210863202272353_6686833311832080384_n-225x300.jpg 225w, https:\/\/paulusfolkertsma.nl\/de\/wp-content\/uploads\/2018\/06\/35992737_2210863202272353_6686833311832080384_n.jpg 720w\" sizes=\"auto, (max-width: 225px) 100vw, 225px\" \/>\u00a0\u00a0 <img loading=\"lazy\" decoding=\"async\" class=\"alignnone size-medium wp-image-104\" src=\"https:\/\/paulusfolkertsma.nl\/de\/de\/wp-content\/uploads\/2018\/06\/36087893_2210863218939018_1886739211411783680_n-300x225.jpg\" alt=\"\" width=\"300\" height=\"225\" srcset=\"https:\/\/paulusfolkertsma.nl\/de\/wp-content\/uploads\/2018\/06\/36087893_2210863218939018_1886739211411783680_n-300x225.jpg 300w, https:\/\/paulusfolkertsma.nl\/de\/wp-content\/uploads\/2018\/06\/36087893_2210863218939018_1886739211411783680_n-768x576.jpg 768w, https:\/\/paulusfolkertsma.nl\/de\/wp-content\/uploads\/2018\/06\/36087893_2210863218939018_1886739211411783680_n.jpg 960w\" sizes=\"auto, (max-width: 300px) 100vw, 300px\" \/><\/p>\n<p><a href=\"https:\/\/paulusfolkertsma.nl\/de\/?page_id=108\">Mehr Foto&#8217;s und Aufnamen der Konzerte<\/a><\/p>\n<p>&nbsp;<\/p>\n<h3>Neue CD<\/h3>\n<p><img loading=\"lazy\" decoding=\"async\" class=\"\" src=\"http:\/\/www.paulusfolkertsma.nl\/wp-content\/uploads\/2011\/10\/Vondelcd-150x150.jpg\" alt=\"Vondelcd\" width=\"254\" height=\"254\" \/><\/p>\n<p>Nach einer langen Zeit von\u00a0Aufnahme und Produktion wurde eine neue CD in Februar 2016 ver\u00f6ffentlicht.<br \/>\nVondel Kwartet spielt Paulus Folkertsma. Die CD wurde produziert und von Aliud Records ver\u00f6ffentlicht.<\/p>\n<p>Neue CD Streichquartette.<\/p>\n<p>Die Vondelquartet.<br \/>\nGeigerin Marieke de Bruijn (1967) schloss cum laude an der Sweelinck Konservatorium in Amsterdam und studierte weiter an\u00a0der University of Wisconsin (USA). Nach ihrem Abschluss arbeitete sie als freischaffender Musiker, unter anderem die Royal Concert-hall Orchester und das Sch\u00f6nberg Ensemble. Seit sieben Jahren spielt sie als Mitglied in der Amsterdam Sinfonietta. De Bruijn gibt Konzerte mit verschiedenen\u00a0Ensembles: das Vondel Quartett, Tango Rosa Rio (argentinischen Tango) und Trio Vidalita (Gypsy und Jazz-Musik). Abgesehen davon, ist sie an der Promenade Orchester Konzertmeister und spielt regelm\u00e4\u00dfig mit Pop-Musiker.<br \/>\nDie CD enth\u00e4lt die folgenden Teile:<\/p>\n<p><em>String quartet in G op. 10 (a,b,c,d)<\/em><br \/>\n<em>1. Allegro non Troppo (4:58)<\/em><br \/>\n<em>2. Andantino (3:41)<\/em><br \/>\n<em>3. Scherzo (1:16)<\/em><br \/>\n<em>4. Vivace<\/em><\/p>\n<p><em>5. Andante for cello and small orchestra op. 21 (e,f) (3:48)<\/em><\/p>\n<p><em>String quartet in d op. 28 (a,b,c,d)<\/em><br \/>\n<em>6. Allegro (5:04)<\/em><br \/>\n<em>7. Vivace (4:01)<\/em><br \/>\n<em>8. Andante (3:56)<\/em><br \/>\n<em>9. Fuga (3:22)<\/em><\/p>\n<p><em>10. Romance for violin and orchestra (a,f) (5:12)<\/em><\/p>\n<p><em>11. In Memoriam R.O. Blackhall, A.J. Sutton, K.E. Emmons (a,b,c,d) (5:26)<\/em><\/p>\n<p>Sie k\u00f6nnen die CD auf\u00a0 <a href=\"https:\/\/www.bol.com\/nl\/p\/the-vondelquartet-plays-paulus-folkertsma\/9200000055070450\/\">Bol.com<\/a> bestellen.<\/p>\n<p><strong>\u00c4ltere Nachrichten<\/strong><\/p>\n<p>Im Jahr 1989 wurde das Komitee \u201cPaulus Folkertsma ta eare\u201d errichtet, mit dem Streben die musikalische Erbschaft \u00a0des Komponisten zu\u00a0 ordnen und zug\u00e4nglicher zu machen und sein \u00a0Werk zu promoten und ihm gr\u00f6\u00dfere Bekanntheit zu geben.<\/p>\n<p>Im Juni 1991 wurde das Komitee in eine Stiftung umgewandelt mit gleichem Namen und Zweck.<br \/>\nSp\u00e4ter wurde der Name in \u201cPaulus Folkertsma Stichting\u201d ge\u00e4ndert.<\/p>\n<p><img loading=\"lazy\" decoding=\"async\" src=\"http:\/\/www.paulusfolkertsma.nl\/wp-includes\/images\/cd.JPG\" alt=\"\" width=\"142\" height=\"126\" align=\"RIGHT\" border=\"0\" \/><\/p>\n<p>Die Stiftung\u00a0 organisiert Konzerte mit der Musik von\u00a0 Paulus Folkertsma und in Zusammenarbeit mit dem Radio- und Fernsehsender VPRO wurde eine CD mit einer Auswahl seiner Kompositionen produziert.<\/p>\n<p>Eine zweite CD, \u201cMimerij\u201d und das Liederbuch \u201eMuzyk klinkt yn myn hert\u201c, mit dem kompletten Sololieder-oeuvre von Paulus Folkertsma wurde danach herausgebracht. \u00a0Beides ist \u00fcber das Sekretariat der Stiftung oder unsere e-mailadresse zu bestellen.<\/p>\n<p>.<\/p>\n<p><img loading=\"lazy\" decoding=\"async\" src=\"http:\/\/www.paulusfolkertsma.nl\/wp-includes\/images\/mimerij%201.jpg\" alt=\"\" width=\"150\" height=\"130\" align=\"left\" border=\"0\" \/><br \/>\n<img loading=\"lazy\" decoding=\"async\" src=\"http:\/\/www.paulusfolkertsma.nl\/wp-includes\/images\/BOEK1.jpg\" alt=\"\" width=\"128\" height=\"183\" border=\"0\" \/><\/p>\n<p>Weiters werden Schritte\u00a0 unternommen um zu einer Wiederauff\u00fchrung der Oper (Singspiel) \u201cDe Jonkerboer\u201d zu kommen. \u00dcber Konzerten, wo man Werke von Folkertsma horen kann, werden wir Sie auf dieser Website informieren.<\/p>\n<p>Im August 2011 ist eine Promtions CD mit Fragmenten aus dem Werk von Paulus Folkertsma erschienen, mit Unterst\u00fctzung von: Douwe Kalma Stifting, Stichting Juckema Siderius fonds, Ottema Kingma Stichting en Pollema Tromp Stichting. Alle Information hier\u00fcber finden Sie unter dem Linck in dem Men\u00fc.<\/p>\n","protected":false},"excerpt":{"rendered":"<p>23. Juni 2018: Midsimmertwirre Minifestival Klassische Musik von Paulus Folkertsma sehr erfolgreich Die neue Stiftung Aldeboarn Foar\u00fat in Zusammenarbeit mit der Paulus Folkertsma Stiftung blickt auf ein sehr erfolgreiches Festival\u2026<\/p>\n","protected":false},"author":1,"featured_media":0,"parent":0,"menu_order":0,"comment_status":"closed","ping_status":"closed","template":"","meta":{"footnotes":""},"class_list":["post-12","page","type-page","status-publish","hentry"],"_links":{"self":[{"href":"https:\/\/paulusfolkertsma.nl\/de\/wp-json\/wp\/v2\/pages\/12","targetHints":{"allow":["GET"]}}],"collection":[{"href":"https:\/\/paulusfolkertsma.nl\/de\/wp-json\/wp\/v2\/pages"}],"about":[{"href":"https:\/\/paulusfolkertsma.nl\/de\/wp-json\/wp\/v2\/types\/page"}],"author":[{"embeddable":true,"href":"https:\/\/paulusfolkertsma.nl\/de\/wp-json\/wp\/v2\/users\/1"}],"replies":[{"embeddable":true,"href":"https:\/\/paulusfolkertsma.nl\/de\/wp-json\/wp\/v2\/comments?post=12"}],"version-history":[{"count":26,"href":"https:\/\/paulusfolkertsma.nl\/de\/wp-json\/wp\/v2\/pages\/12\/revisions"}],"predecessor-version":[{"id":241,"href":"https:\/\/paulusfolkertsma.nl\/de\/wp-json\/wp\/v2\/pages\/12\/revisions\/241"}],"wp:attachment":[{"href":"https:\/\/paulusfolkertsma.nl\/de\/wp-json\/wp\/v2\/media?parent=12"}],"curies":[{"name":"wp","href":"https:\/\/api.w.org\/{rel}","templated":true}]}}